{"id":216,"date":"2025-11-02T15:14:04","date_gmt":"2025-11-02T14:14:04","guid":{"rendered":"https:\/\/nuget.nu-get.cz\/?page_id=216"},"modified":"2025-11-02T17:07:03","modified_gmt":"2025-11-02T16:07:03","slug":"nabidka","status":"publish","type":"page","link":"https:\/\/nuget.nu-get.cz\/index.php\/nabidka\/","title":{"rendered":"Nab\u00eddka"},"content":{"rendered":"\t\t<div data-elementor-type=\"wp-page\" data-elementor-id=\"216\" class=\"elementor elementor-216\" data-elementor-post-type=\"page\">\n\t\t\t\t<div class=\"elementor-element elementor-element-4fd07c9 e-flex e-con-boxed e-con e-parent\" data-id=\"4fd07c9\" data-element_type=\"container\" data-e-type=\"container\">\n\t\t\t\t\t<div class=\"e-con-inner\">\n\t\t\t\t<div class=\"elementor-element elementor-element-1ab7190 elementor-widget elementor-widget-spacer\" data-id=\"1ab7190\" data-element_type=\"widget\" data-e-type=\"widget\" data-widget_type=\"spacer.default\">\n\t\t\t\t\t\t\t<div class=\"elementor-spacer\">\n\t\t\t<div class=\"elementor-spacer-inner\"><\/div>\n\t\t<\/div>\n\t\t\t\t\t\t<\/div>\n\t\t\t\t\t<\/div>\n\t\t\t\t<\/div>\n\t\t<div class=\"elementor-element elementor-element-0f0e872 e-flex e-con-boxed e-con e-parent\" data-id=\"0f0e872\" data-element_type=\"container\" data-e-type=\"container\">\n\t\t\t\t\t<div class=\"e-con-inner\">\n\t\t<div class=\"elementor-element elementor-element-416f3de e-con-full e-flex e-con e-child\" data-id=\"416f3de\" data-element_type=\"container\" data-e-type=\"container\">\n\t\t\t\t<div class=\"elementor-element elementor-element-825dc9a elementor-widget elementor-widget-heading\" data-id=\"825dc9a\" data-element_type=\"widget\" data-e-type=\"widget\" data-widget_type=\"heading.default\">\n\t\t\t\t\t<h2 class=\"elementor-heading-title elementor-size-default\">T\u011b\u0161\u00edme se na v\u00e1s:<\/h2>\t\t\t\t<\/div>\n\t\t\t\t<div class=\"elementor-element elementor-element-582c2f4 elementor-widget-divider--view-line elementor-invisible elementor-widget elementor-widget-divider\" data-id=\"582c2f4\" data-element_type=\"widget\" data-e-type=\"widget\" data-settings=\"{&quot;_animation&quot;:&quot;fadeInLeft&quot;}\" data-widget_type=\"divider.default\">\n\t\t\t\t\t\t\t<div class=\"elementor-divider\">\n\t\t\t<span class=\"elementor-divider-separator\">\n\t\t\t\t\t\t<\/span>\n\t\t<\/div>\n\t\t\t\t\t\t<\/div>\n\t\t<div class=\"elementor-element elementor-element-67f081c e-con-full e-flex e-con e-child\" data-id=\"67f081c\" data-element_type=\"container\" data-e-type=\"container\">\n\t\t<div class=\"elementor-element elementor-element-e941a8a e-con-full e-flex e-con e-child\" data-id=\"e941a8a\" data-element_type=\"container\" data-e-type=\"container\" data-settings=\"{&quot;background_background&quot;:&quot;classic&quot;}\">\n\t\t<div class=\"elementor-element elementor-element-4b89444 e-con-full e-flex e-con e-child\" data-id=\"4b89444\" data-element_type=\"container\" data-e-type=\"container\" data-settings=\"{&quot;background_background&quot;:&quot;gradient&quot;}\">\n\t\t\t\t<div class=\"elementor-element elementor-element-cda926d elementor-widget elementor-widget-image\" data-id=\"cda926d\" data-element_type=\"widget\" data-e-type=\"widget\" data-widget_type=\"image.default\">\n\t\t\t\t\t\t\t\t\t\t\t\t\t\t\t<img fetchpriority=\"high\" decoding=\"async\" width=\"1024\" height=\"576\" src=\"https:\/\/nuget.nu-get.cz\/wp-content\/uploads\/2025\/11\/Produkt01-1024x576.webp\" class=\"attachment-large size-large wp-image-159\" alt=\"\" srcset=\"https:\/\/nuget.nu-get.cz\/wp-content\/uploads\/2025\/11\/Produkt01-1024x576.webp 1024w, https:\/\/nuget.nu-get.cz\/wp-content\/uploads\/2025\/11\/Produkt01-300x169.webp 300w, https:\/\/nuget.nu-get.cz\/wp-content\/uploads\/2025\/11\/Produkt01-768x432.webp 768w, https:\/\/nuget.nu-get.cz\/wp-content\/uploads\/2025\/11\/Produkt01.webp 1280w\" sizes=\"(max-width: 1024px) 100vw, 1024px\" \/>\t\t\t\t\t\t\t\t\t\t\t\t\t\t\t<\/div>\n\t\t\t\t<div class=\"elementor-element elementor-element-cbfa689 elementor-widget elementor-widget-heading\" data-id=\"cbfa689\" data-element_type=\"widget\" data-e-type=\"widget\" data-widget_type=\"heading.default\">\n\t\t\t\t\t<h3 class=\"elementor-heading-title elementor-size-default\">Produkt 1 nadpis<\/h3>\t\t\t\t<\/div>\n\t\t\t\t<div class=\"elementor-element elementor-element-d16f85a elementor-widget elementor-widget-text-editor\" data-id=\"d16f85a\" data-element_type=\"widget\" data-e-type=\"widget\" data-widget_type=\"text-editor.default\">\n\t\t\t\t\t\t\t\t\t<p style=\"text-align: center;\">Produkt 1 popis &#8211; Produkt 1 popis &#8211; Produkt 1 popis &#8211; Produkt 1 popis &#8211; Produkt 1 popis &#8211; Produkt 1 popis &#8211; Produkt 1 popis &#8211; Produkt 1 popis &#8211; Produkt 1 popis &#8211; Produkt 1 popis &#8211; Produkt 1 popis &#8211;\u00a0<\/p>\t\t\t\t\t\t\t\t<\/div>\n\t\t\t\t<div class=\"elementor-element elementor-element-e6b8c3f elementor-align-center elementor-widget elementor-widget-button\" data-id=\"e6b8c3f\" data-element_type=\"widget\" data-e-type=\"widget\" data-widget_type=\"button.default\">\n\t\t\t\t\t\t\t\t\t\t<a class=\"elementor-button elementor-button-link elementor-size-sm\" href=\"https:\/\/nuget.nu-get.cz\/index.php\/produkt-1\/\">\n\t\t\t\t\t\t<span class=\"elementor-button-content-wrapper\">\n\t\t\t\t\t\t\t\t\t<span class=\"elementor-button-text\">Zjistit v\u00edc<\/span>\n\t\t\t\t\t<\/span>\n\t\t\t\t\t<\/a>\n\t\t\t\t\t\t\t\t<\/div>\n\t\t\t\t<\/div>\n\t\t<div class=\"elementor-element elementor-element-ef928fb e-con-full e-flex e-con e-child\" data-id=\"ef928fb\" data-element_type=\"container\" data-e-type=\"container\" data-settings=\"{&quot;background_background&quot;:&quot;gradient&quot;}\">\n\t\t\t\t<div class=\"elementor-element elementor-element-80c6111 elementor-widget elementor-widget-image\" data-id=\"80c6111\" data-element_type=\"widget\" data-e-type=\"widget\" data-widget_type=\"image.default\">\n\t\t\t\t\t\t\t\t\t\t\t\t\t\t\t<img decoding=\"async\" width=\"1024\" height=\"576\" src=\"https:\/\/nuget.nu-get.cz\/wp-content\/uploads\/2025\/11\/Produkt02-1024x576.webp\" class=\"attachment-large size-large wp-image-160\" alt=\"\" srcset=\"https:\/\/nuget.nu-get.cz\/wp-content\/uploads\/2025\/11\/Produkt02-1024x576.webp 1024w, https:\/\/nuget.nu-get.cz\/wp-content\/uploads\/2025\/11\/Produkt02-300x169.webp 300w, https:\/\/nuget.nu-get.cz\/wp-content\/uploads\/2025\/11\/Produkt02-768x432.webp 768w, https:\/\/nuget.nu-get.cz\/wp-content\/uploads\/2025\/11\/Produkt02.webp 1280w\" sizes=\"(max-width: 1024px) 100vw, 1024px\" \/>\t\t\t\t\t\t\t\t\t\t\t\t\t\t\t<\/div>\n\t\t\t\t<div class=\"elementor-element elementor-element-2c826a8 elementor-widget elementor-widget-heading\" data-id=\"2c826a8\" data-element_type=\"widget\" data-e-type=\"widget\" data-widget_type=\"heading.default\">\n\t\t\t\t\t<h3 class=\"elementor-heading-title elementor-size-default\">Produkt 2 nadpis<\/h3>\t\t\t\t<\/div>\n\t\t\t\t<div class=\"elementor-element elementor-element-5f5855e elementor-widget elementor-widget-text-editor\" data-id=\"5f5855e\" data-element_type=\"widget\" data-e-type=\"widget\" data-widget_type=\"text-editor.default\">\n\t\t\t\t\t\t\t\t\t<p style=\"text-align: center;\">Produkt 2 popis &#8211; Produkt 2 popis &#8211; Produkt 2 popis &#8211; Produkt 2 popis &#8211; Produkt 2 popis &#8211; Produkt 2 popis &#8211; Produkt 2 popis &#8211; Produkt 2 popis &#8211; Produkt 2 popis &#8211; Produkt 2 popis &#8211; Produkt 2 popis &#8211;\u00a0<\/p>\t\t\t\t\t\t\t\t<\/div>\n\t\t\t\t<div class=\"elementor-element elementor-element-f2ec510 elementor-align-center elementor-widget elementor-widget-button\" data-id=\"f2ec510\" data-element_type=\"widget\" data-e-type=\"widget\" data-widget_type=\"button.default\">\n\t\t\t\t\t\t\t\t\t\t<a class=\"elementor-button elementor-button-link elementor-size-sm\" href=\"https:\/\/nuget.nu-get.cz\/index.php\/produkt-2\/\">\n\t\t\t\t\t\t<span class=\"elementor-button-content-wrapper\">\n\t\t\t\t\t\t\t\t\t<span class=\"elementor-button-text\">Zjistit v\u00edc<\/span>\n\t\t\t\t\t<\/span>\n\t\t\t\t\t<\/a>\n\t\t\t\t\t\t\t\t<\/div>\n\t\t\t\t<\/div>\n\t\t<div class=\"elementor-element elementor-element-0513775 e-con-full e-flex e-con e-child\" data-id=\"0513775\" data-element_type=\"container\" data-e-type=\"container\" data-settings=\"{&quot;background_background&quot;:&quot;gradient&quot;}\">\n\t\t\t\t<div class=\"elementor-element elementor-element-88406af elementor-widget elementor-widget-image\" data-id=\"88406af\" data-element_type=\"widget\" data-e-type=\"widget\" data-widget_type=\"image.default\">\n\t\t\t\t\t\t\t\t\t\t\t\t\t\t\t<img decoding=\"async\" width=\"1024\" height=\"576\" src=\"https:\/\/nuget.nu-get.cz\/wp-content\/uploads\/2025\/11\/Produkt03-1024x576.webp\" class=\"attachment-large size-large wp-image-161\" alt=\"\" srcset=\"https:\/\/nuget.nu-get.cz\/wp-content\/uploads\/2025\/11\/Produkt03-1024x576.webp 1024w, https:\/\/nuget.nu-get.cz\/wp-content\/uploads\/2025\/11\/Produkt03-300x169.webp 300w, https:\/\/nuget.nu-get.cz\/wp-content\/uploads\/2025\/11\/Produkt03-768x432.webp 768w, https:\/\/nuget.nu-get.cz\/wp-content\/uploads\/2025\/11\/Produkt03.webp 1280w\" sizes=\"(max-width: 1024px) 100vw, 1024px\" \/>\t\t\t\t\t\t\t\t\t\t\t\t\t\t\t<\/div>\n\t\t\t\t<div class=\"elementor-element elementor-element-01488d1 elementor-widget elementor-widget-heading\" data-id=\"01488d1\" data-element_type=\"widget\" data-e-type=\"widget\" data-widget_type=\"heading.default\">\n\t\t\t\t\t<h3 class=\"elementor-heading-title elementor-size-default\">Produkt 3 nadpis<\/h3>\t\t\t\t<\/div>\n\t\t\t\t<div class=\"elementor-element elementor-element-37e28b7 elementor-widget elementor-widget-text-editor\" data-id=\"37e28b7\" data-element_type=\"widget\" data-e-type=\"widget\" data-widget_type=\"text-editor.default\">\n\t\t\t\t\t\t\t\t\t<p style=\"text-align: center;\">Produkt 3 popis &#8211; Produkt 3 popis &#8211; Produkt 3 popis &#8211; Produkt 3 popis &#8211; Produkt 3 popis &#8211; Produkt 3 popis &#8211; Produkt 3 popis &#8211; Produkt 3 popis &#8211; Produkt 3 popis &#8211; Produkt 3 popis &#8211; Produkt 3 popis &#8211;\u00a0<\/p>\t\t\t\t\t\t\t\t<\/div>\n\t\t\t\t<div class=\"elementor-element elementor-element-acd7bd3 elementor-align-center elementor-widget elementor-widget-button\" data-id=\"acd7bd3\" data-element_type=\"widget\" data-e-type=\"widget\" data-widget_type=\"button.default\">\n\t\t\t\t\t\t\t\t\t\t<a class=\"elementor-button elementor-button-link elementor-size-sm\" href=\"https:\/\/nuget.nu-get.cz\/index.php\/produkt-3\/\">\n\t\t\t\t\t\t<span class=\"elementor-button-content-wrapper\">\n\t\t\t\t\t\t\t\t\t<span class=\"elementor-button-text\">Zjistit v\u00edc<\/span>\n\t\t\t\t\t<\/span>\n\t\t\t\t\t<\/a>\n\t\t\t\t\t\t\t\t<\/div>\n\t\t\t\t<\/div>\n\t\t\t\t<\/div>\n\t\t\t\t<\/div>\n\t\t\t\t<\/div>\n\t\t\t\t\t<\/div>\n\t\t\t\t<\/div>\n\t\t\t\t<\/div>\n\t\t","protected":false},"excerpt":{"rendered":"<p>T\u011b\u0161\u00edme se na v\u00e1s: Produkt 1 nadpis Produkt 1 popis &#8211; Produkt 1 popis &#8211; Produkt 1 popis &#8211; Produkt [&hellip;]<\/p>\n","protected":false},"author":1,"featured_media":0,"parent":0,"menu_order":0,"comment_status":"closed","ping_status":"closed","template":"","meta":{"site-sidebar-layout":"no-sidebar","site-content-layout":"","ast-site-content-layout":"full-width-container","site-content-style":"default","site-sidebar-style":"default","ast-global-header-display":"","ast-banner-title-visibility":"","ast-main-header-display":"","ast-hfb-above-header-display":"","ast-hfb-below-header-display":"","ast-hfb-mobile-header-display":"","site-post-title":"disabled","ast-breadcrumbs-content":"","ast-featured-img":"disabled","footer-sml-layout":"","ast-disable-related-posts":"","theme-transparent-header-meta":"","adv-header-id-meta":"","stick-header-meta":"","header-above-stick-meta":"","header-main-stick-meta":"","header-below-stick-meta":"","astra-migrate-meta-layouts":"default","ast-page-background-enabled":"default","ast-page-background-meta":{"desktop":{"background-color":"var(--ast-global-color-5)","background-image":"","background-repeat":"repeat","background-position":"center center","background-size":"auto","background-attachment":"scroll","background-type":"","background-media":"","overlay-type":"","overlay-color":"","overlay-opacity":"","overlay-gradient":""},"tablet":{"background-color":"","background-image":"","background-repeat":"repeat","background-position":"center center","background-size":"auto","background-attachment":"scroll","background-type":"","background-media":"","overlay-type":"","overlay-color":"","overlay-opacity":"","overlay-gradient":""},"mobile":{"background-color":"","background-image":"","background-repeat":"repeat","background-position":"center center","background-size":"auto","background-attachment":"scroll","background-type":"","background-media":"","overlay-type":"","overlay-color":"","overlay-opacity":"","overlay-gradient":""}},"ast-content-background-meta":{"desktop":{"background-color":"var(--ast-global-color-4)","background-image":"","background-repeat":"repeat","background-position":"center center","background-size":"auto","background-attachment":"scroll","background-type":"","background-media":"","overlay-type":"","overlay-color":"","overlay-opacity":"","overlay-gradient":""},"tablet":{"background-color":"var(--ast-global-color-4)","background-image":"","background-repeat":"repeat","background-position":"center center","background-size":"auto","background-attachment":"scroll","background-type":"","background-media":"","overlay-type":"","overlay-color":"","overlay-opacity":"","overlay-gradient":""},"mobile":{"background-color":"var(--ast-global-color-4)","background-image":"","background-repeat":"repeat","background-position":"center center","background-size":"auto","background-attachment":"scroll","background-type":"","background-media":"","overlay-type":"","overlay-color":"","overlay-opacity":"","overlay-gradient":""}},"footnotes":""},"class_list":["post-216","page","type-page","status-publish","hentry"],"_links":{"self":[{"href":"https:\/\/nuget.nu-get.cz\/index.php\/wp-json\/wp\/v2\/pages\/216","targetHints":{"allow":["GET"]}}],"collection":[{"href":"https:\/\/nuget.nu-get.cz\/index.php\/wp-json\/wp\/v2\/pages"}],"about":[{"href":"https:\/\/nuget.nu-get.cz\/index.php\/wp-json\/wp\/v2\/types\/page"}],"author":[{"embeddable":true,"href":"https:\/\/nuget.nu-get.cz\/index.php\/wp-json\/wp\/v2\/users\/1"}],"replies":[{"embeddable":true,"href":"https:\/\/nuget.nu-get.cz\/index.php\/wp-json\/wp\/v2\/comments?post=216"}],"version-history":[{"count":0,"href":"https:\/\/nuget.nu-get.cz\/index.php\/wp-json\/wp\/v2\/pages\/216\/revisions"}],"wp:attachment":[{"href":"https:\/\/nuget.nu-get.cz\/index.php\/wp-json\/wp\/v2\/media?parent=216"}],"curies":[{"name":"wp","href":"https:\/\/api.w.org\/{rel}","templated":true}]}}