{"id":192,"date":"2025-11-02T14:47:02","date_gmt":"2025-11-02T13:47:02","guid":{"rendered":"https:\/\/nuget.nu-get.cz\/?page_id=192"},"modified":"2025-11-02T20:11:04","modified_gmt":"2025-11-02T19:11:04","slug":"home-duplikat","status":"publish","type":"page","link":"https:\/\/nuget.nu-get.cz\/index.php\/home-duplikat\/","title":{"rendered":"O n\u00e1s"},"content":{"rendered":"\t\t<div data-elementor-type=\"wp-page\" data-elementor-id=\"192\" class=\"elementor elementor-192\" data-elementor-post-type=\"page\">\n\t\t\t\t<div class=\"elementor-element elementor-element-4fd07c9 e-flex e-con-boxed e-con e-parent\" data-id=\"4fd07c9\" data-element_type=\"container\" data-e-type=\"container\">\n\t\t\t\t\t<div class=\"e-con-inner\">\n\t\t\t\t<div class=\"elementor-element elementor-element-1ab7190 elementor-widget elementor-widget-spacer\" data-id=\"1ab7190\" data-element_type=\"widget\" data-e-type=\"widget\" data-widget_type=\"spacer.default\">\n\t\t\t\t\t\t\t<div class=\"elementor-spacer\">\n\t\t\t<div class=\"elementor-spacer-inner\"><\/div>\n\t\t<\/div>\n\t\t\t\t\t\t<\/div>\n\t\t\t\t\t<\/div>\n\t\t\t\t<\/div>\n\t\t<div class=\"elementor-element elementor-element-0f0e872 e-flex e-con-boxed e-con e-parent\" data-id=\"0f0e872\" data-element_type=\"container\" data-e-type=\"container\">\n\t\t\t\t\t<div class=\"e-con-inner\">\n\t\t<div class=\"elementor-element elementor-element-416f3de e-con-full e-flex e-con e-child\" data-id=\"416f3de\" data-element_type=\"container\" data-e-type=\"container\">\n\t\t\t\t<div class=\"elementor-element elementor-element-825dc9a elementor-widget elementor-widget-heading\" data-id=\"825dc9a\" data-element_type=\"widget\" data-e-type=\"widget\" data-widget_type=\"heading.default\">\n\t\t\t\t\t<h2 class=\"elementor-heading-title elementor-size-default\">O n\u00e1s<\/h2>\t\t\t\t<\/div>\n\t\t\t\t<div class=\"elementor-element elementor-element-582c2f4 elementor-widget-divider--view-line elementor-invisible elementor-widget elementor-widget-divider\" data-id=\"582c2f4\" data-element_type=\"widget\" data-e-type=\"widget\" data-settings=\"{&quot;_animation&quot;:&quot;fadeInLeft&quot;}\" data-widget_type=\"divider.default\">\n\t\t\t\t\t\t\t<div class=\"elementor-divider\">\n\t\t\t<span class=\"elementor-divider-separator\">\n\t\t\t\t\t\t<\/span>\n\t\t<\/div>\n\t\t\t\t\t\t<\/div>\n\t\t<div class=\"elementor-element elementor-element-67f081c e-con-full e-flex e-con e-child\" data-id=\"67f081c\" data-element_type=\"container\" data-e-type=\"container\">\n\t\t<div class=\"elementor-element elementor-element-8ba12a8 e-con-full e-flex e-con e-child\" data-id=\"8ba12a8\" data-element_type=\"container\" data-e-type=\"container\">\n\t\t\t\t<div class=\"elementor-element elementor-element-ebefe41 elementor-widget elementor-widget-text-editor\" data-id=\"ebefe41\" data-element_type=\"widget\" data-e-type=\"widget\" data-widget_type=\"text-editor.default\">\n\t\t\t\t\t\t\t\t\t<p>O n\u00e1s hlavn\u00ed text &#8211; O n\u00e1s hlavn\u00ed text &#8211; O n\u00e1s hlavn\u00ed text &#8211; O n\u00e1s hlavn\u00ed text &#8211; O n\u00e1s hlavn\u00ed text &#8211; O n\u00e1s hlavn\u00ed text &#8211; O n\u00e1s hlavn\u00ed text &#8211; O n\u00e1s hlavn\u00ed text &#8211; O n\u00e1s hlavn\u00ed text &#8211; O n\u00e1s hlavn\u00ed text &#8211; O n\u00e1s hlavn\u00ed text &#8211; O n\u00e1s hlavn\u00ed text &#8211; O n\u00e1s hlavn\u00ed text &#8211; O n\u00e1s hlavn\u00ed text &#8211; O n\u00e1s hlavn\u00ed text &#8211; O n\u00e1s hlavn\u00ed text &#8211; O n\u00e1s hlavn\u00ed text &#8211; O n\u00e1s hlavn\u00ed text &#8211; O n\u00e1s hlavn\u00ed text &#8211; O n\u00e1s hlavn\u00ed text &#8211; O n\u00e1s hlavn\u00ed text &#8211; O n\u00e1s hlavn\u00ed text &#8211; O n\u00e1s hlavn\u00ed text &#8211; O n\u00e1s hlavn\u00ed text &#8211; O n\u00e1s hlavn\u00ed text &#8211; O n\u00e1s hlavn\u00ed text &#8211; O n\u00e1s hlavn\u00ed text &#8211; O n\u00e1s hlavn\u00ed text &#8211; O n\u00e1s hlavn\u00ed text &#8211; O n\u00e1s hlavn\u00ed text &#8211; O n\u00e1s hlavn\u00ed text &#8211; O n\u00e1s hlavn\u00ed text &#8211; O n\u00e1s hlavn\u00ed text &#8211; O n\u00e1s hlavn\u00ed text &#8211; O n\u00e1s hlavn\u00ed text &#8211; O n\u00e1s hlavn\u00ed text &#8211; O n\u00e1s hlavn\u00ed text &#8211;\u00a0<\/p>\t\t\t\t\t\t\t\t<\/div>\n\t\t\t\t<\/div>\n\t\t<div class=\"elementor-element elementor-element-6aa2128 e-con-full e-flex e-con e-child\" data-id=\"6aa2128\" data-element_type=\"container\" data-e-type=\"container\">\n\t\t\t\t<div class=\"elementor-element elementor-element-ee815ae elementor-widget elementor-widget-image\" data-id=\"ee815ae\" data-element_type=\"widget\" data-e-type=\"widget\" data-widget_type=\"image.default\">\n\t\t\t\t\t\t\t\t\t\t\t\t\t\t\t<img fetchpriority=\"high\" decoding=\"async\" width=\"1024\" height=\"576\" src=\"https:\/\/nuget.nu-get.cz\/wp-content\/uploads\/2025\/11\/onas-1024x576.webp\" class=\"attachment-large size-large wp-image-203\" alt=\"\" srcset=\"https:\/\/nuget.nu-get.cz\/wp-content\/uploads\/2025\/11\/onas-1024x576.webp 1024w, https:\/\/nuget.nu-get.cz\/wp-content\/uploads\/2025\/11\/onas-300x169.webp 300w, https:\/\/nuget.nu-get.cz\/wp-content\/uploads\/2025\/11\/onas-768x432.webp 768w, https:\/\/nuget.nu-get.cz\/wp-content\/uploads\/2025\/11\/onas.webp 1280w\" sizes=\"(max-width: 1024px) 100vw, 1024px\" \/>\t\t\t\t\t\t\t\t\t\t\t\t\t\t\t<\/div>\n\t\t\t\t<\/div>\n\t\t\t\t<\/div>\n\t\t\t\t<div class=\"elementor-element elementor-element-55f1b46 elementor-align-center elementor-widget elementor-widget-button\" data-id=\"55f1b46\" data-element_type=\"widget\" data-e-type=\"widget\" data-widget_type=\"button.default\">\n\t\t\t\t\t\t\t\t\t\t<a class=\"elementor-button elementor-button-link elementor-size-sm\" href=\"https:\/\/nuget.nu-get.cz\/index.php\/kontakt\/\">\n\t\t\t\t\t\t<span class=\"elementor-button-content-wrapper\">\n\t\t\t\t\t\t\t\t\t<span class=\"elementor-button-text\">Kontakt<\/span>\n\t\t\t\t\t<\/span>\n\t\t\t\t\t<\/a>\n\t\t\t\t\t\t\t\t<\/div>\n\t\t\t\t<\/div>\n\t\t\t\t\t<\/div>\n\t\t\t\t<\/div>\n\t\t\t\t<\/div>\n\t\t","protected":false},"excerpt":{"rendered":"<p>O n\u00e1s O n\u00e1s hlavn\u00ed text &#8211; O n\u00e1s hlavn\u00ed text &#8211; O n\u00e1s hlavn\u00ed text &#8211; O n\u00e1s hlavn\u00ed [&hellip;]<\/p>\n","protected":false},"author":1,"featured_media":0,"parent":0,"menu_order":0,"comment_status":"closed","ping_status":"closed","template":"","meta":{"site-sidebar-layout":"no-sidebar","site-content-layout":"","ast-site-content-layout":"full-width-container","site-content-style":"default","site-sidebar-style":"default","ast-global-header-display":"","ast-banner-title-visibility":"","ast-main-header-display":"","ast-hfb-above-header-display":"","ast-hfb-below-header-display":"","ast-hfb-mobile-header-display":"","site-post-title":"disabled","ast-breadcrumbs-content":"","ast-featured-img":"disabled","footer-sml-layout":"","ast-disable-related-posts":"","theme-transparent-header-meta":"","adv-header-id-meta":"","stick-header-meta":"","header-above-stick-meta":"","header-main-stick-meta":"","header-below-stick-meta":"","astra-migrate-meta-layouts":"default","ast-page-background-enabled":"default","ast-page-background-meta":{"desktop":{"background-color":"var(--ast-global-color-5)","background-image":"","background-repeat":"repeat","background-position":"center center","background-size":"auto","background-attachment":"scroll","background-type":"","background-media":"","overlay-type":"","overlay-color":"","overlay-opacity":"","overlay-gradient":""},"tablet":{"background-color":"","background-image":"","background-repeat":"repeat","background-position":"center center","background-size":"auto","background-attachment":"scroll","background-type":"","background-media":"","overlay-type":"","overlay-color":"","overlay-opacity":"","overlay-gradient":""},"mobile":{"background-color":"","background-image":"","background-repeat":"repeat","background-position":"center center","background-size":"auto","background-attachment":"scroll","background-type":"","background-media":"","overlay-type":"","overlay-color":"","overlay-opacity":"","overlay-gradient":""}},"ast-content-background-meta":{"desktop":{"background-color":"var(--ast-global-color-4)","background-image":"","background-repeat":"repeat","background-position":"center center","background-size":"auto","background-attachment":"scroll","background-type":"","background-media":"","overlay-type":"","overlay-color":"","overlay-opacity":"","overlay-gradient":""},"tablet":{"background-color":"var(--ast-global-color-4)","background-image":"","background-repeat":"repeat","background-position":"center center","background-size":"auto","background-attachment":"scroll","background-type":"","background-media":"","overlay-type":"","overlay-color":"","overlay-opacity":"","overlay-gradient":""},"mobile":{"background-color":"var(--ast-global-color-4)","background-image":"","background-repeat":"repeat","background-position":"center center","background-size":"auto","background-attachment":"scroll","background-type":"","background-media":"","overlay-type":"","overlay-color":"","overlay-opacity":"","overlay-gradient":""}},"footnotes":""},"class_list":["post-192","page","type-page","status-publish","hentry"],"_links":{"self":[{"href":"https:\/\/nuget.nu-get.cz\/index.php\/wp-json\/wp\/v2\/pages\/192","targetHints":{"allow":["GET"]}}],"collection":[{"href":"https:\/\/nuget.nu-get.cz\/index.php\/wp-json\/wp\/v2\/pages"}],"about":[{"href":"https:\/\/nuget.nu-get.cz\/index.php\/wp-json\/wp\/v2\/types\/page"}],"author":[{"embeddable":true,"href":"https:\/\/nuget.nu-get.cz\/index.php\/wp-json\/wp\/v2\/users\/1"}],"replies":[{"embeddable":true,"href":"https:\/\/nuget.nu-get.cz\/index.php\/wp-json\/wp\/v2\/comments?post=192"}],"version-history":[{"count":6,"href":"https:\/\/nuget.nu-get.cz\/index.php\/wp-json\/wp\/v2\/pages\/192\/revisions"}],"predecessor-version":[{"id":380,"href":"https:\/\/nuget.nu-get.cz\/index.php\/wp-json\/wp\/v2\/pages\/192\/revisions\/380"}],"wp:attachment":[{"href":"https:\/\/nuget.nu-get.cz\/index.php\/wp-json\/wp\/v2\/media?parent=192"}],"curies":[{"name":"wp","href":"https:\/\/api.w.org\/{rel}","templated":true}]}}